{"id":1177,"date":"2020-09-21T19:45:43","date_gmt":"2020-09-21T17:45:43","guid":{"rendered":"http:\/\/evnpbta.cluster023.hosting.ovh.net\/?page_id=1177"},"modified":"2021-05-27T19:50:24","modified_gmt":"2021-05-27T17:50:24","slug":"produits","status":"publish","type":"page","link":"https:\/\/absoluteasia.eu\/en\/produits\/","title":{"rendered":"Products"},"content":{"rendered":"<div data-elementor-type=\"wp-page\" data-elementor-id=\"1177\" class=\"elementor elementor-1177\">\n\t\t\t\t\t\t<div class=\"elementor-inner\">\n\t\t\t\t<div class=\"elementor-section-wrap\">\n\t\t\t\t\t\t\t\t\t<section class=\"elementor-section elementor-top-section elementor-element elementor-element-a9f1a4c elementor-section-boxed elementor-section-height-default elementor-section-height-default\" data-id=\"a9f1a4c\" data-element_type=\"section\">\n\t\t\t\t\t\t<div class=\"elementor-container elementor-column-gap-default\">\n\t\t\t\t\t\t\t<div class=\"elementor-row\">\n\t\t\t\t\t<div class=\"elementor-column elementor-col-100 elementor-top-column elementor-element elementor-element-bb89e74\" data-id=\"bb89e74\" data-element_type=\"column\">\n\t\t\t<div class=\"elementor-column-wrap elementor-element-populated\">\n\t\t\t\t\t\t\t<div class=\"elementor-widget-wrap\">\n\t\t\t\t\t\t<div class=\"elementor-element elementor-element-4934474 elementor-widget elementor-widget-spacer\" data-id=\"4934474\" data-element_type=\"widget\" data-widget_type=\"spacer.default\">\n\t\t\t\t<div class=\"elementor-widget-container\">\n\t\t\t\t\t<div class=\"elementor-spacer\">\n\t\t\t<div class=\"elementor-spacer-inner\"><\/div>\n\t\t<\/div>\n\t\t\t\t<\/div>\n\t\t\t\t<\/div>\n\t\t\t\t<section class=\"elementor-section elementor-inner-section elementor-element elementor-element-8011816 elementor-section-full_width elementor-section-content-middle elementor-section-height-default elementor-section-height-default\" data-id=\"8011816\" data-element_type=\"section\">\n\t\t\t\t\t\t<div class=\"elementor-container elementor-column-gap-default\">\n\t\t\t\t\t\t\t<div class=\"elementor-row\">\n\t\t\t\t\t<div class=\"elementor-column elementor-col-33 elementor-inner-column elementor-element elementor-element-14ff910\" data-id=\"14ff910\" data-element_type=\"column\" data-settings=\"{&quot;background_background&quot;:&quot;classic&quot;}\">\n\t\t\t<div class=\"elementor-column-wrap elementor-element-populated\">\n\t\t\t\t\t\t\t<div class=\"elementor-widget-wrap\">\n\t\t\t\t\t\t<div class=\"elementor-element elementor-element-7c70af7 elementor-widget elementor-widget-image\" data-id=\"7c70af7\" data-element_type=\"widget\" data-widget_type=\"image.default\">\n\t\t\t\t<div class=\"elementor-widget-container\">\n\t\t\t\t\t\t\t\t<div class=\"elementor-image\">\n\t\t\t\t\t\t\t\t\t<figure class=\"wp-caption\">\n\t\t\t\t\t\t\t\t\t\t\t<a href=\"https:\/\/absoluteasia.eu\/en\/vetements-en-cuir\/\" target=\"_blank\">\n\t\t\t\t\t\t\t<img width=\"375\" height=\"574\" src=\"https:\/\/absoluteasia.eu\/wp-content\/uploads\/2021\/05\/vetement-cuir.png\" class=\"attachment-large size-large\" alt=\"\" loading=\"lazy\" srcset=\"https:\/\/absoluteasia.eu\/wp-content\/uploads\/2021\/05\/vetement-cuir.png 375w, https:\/\/absoluteasia.eu\/wp-content\/uploads\/2021\/05\/vetement-cuir-196x300.png 196w\" sizes=\"(max-width: 375px) 100vw, 375px\" \/>\t\t\t\t\t\t\t\t<\/a>\n\t\t\t\t\t\t\t\t\t\t\t<figcaption class=\"widget-image-caption wp-caption-text\">Leather clothes <\/figcaption>\n\t\t\t\t\t\t\t\t\t\t<\/figure>\n\t\t\t\t\t\t\t\t<\/div>\n\t\t\t\t\t\t<\/div>\n\t\t\t\t<\/div>\n\t\t\t\t\t\t<\/div>\n\t\t\t\t\t<\/div>\n\t\t<\/div>\n\t\t\t\t<div class=\"elementor-column elementor-col-33 elementor-inner-column elementor-element elementor-element-66f6b37\" data-id=\"66f6b37\" data-element_type=\"column\" data-settings=\"{&quot;background_background&quot;:&quot;classic&quot;}\">\n\t\t\t<div class=\"elementor-column-wrap elementor-element-populated\">\n\t\t\t\t\t\t\t<div class=\"elementor-widget-wrap\">\n\t\t\t\t\t\t<div class=\"elementor-element elementor-element-907f1d8 elementor-widget elementor-widget-image\" data-id=\"907f1d8\" data-element_type=\"widget\" data-widget_type=\"image.default\">\n\t\t\t\t<div class=\"elementor-widget-container\">\n\t\t\t\t\t\t\t\t<div class=\"elementor-image\">\n\t\t\t\t\t\t\t\t\t<figure class=\"wp-caption\">\n\t\t\t\t\t\t\t\t\t\t\t<a href=\"https:\/\/absoluteasia.eu\/en\/maroquinerie\/\" target=\"_blank\">\n\t\t\t\t\t\t\t<img width=\"713\" height=\"721\" src=\"https:\/\/absoluteasia.eu\/wp-content\/uploads\/2021\/05\/sac-maroquinerie.png\" class=\"attachment-large size-large\" alt=\"\" loading=\"lazy\" srcset=\"https:\/\/absoluteasia.eu\/wp-content\/uploads\/2021\/05\/sac-maroquinerie.png 713w, https:\/\/absoluteasia.eu\/wp-content\/uploads\/2021\/05\/sac-maroquinerie-297x300.png 297w, https:\/\/absoluteasia.eu\/wp-content\/uploads\/2021\/05\/sac-maroquinerie-600x607.png 600w, https:\/\/absoluteasia.eu\/wp-content\/uploads\/2021\/05\/sac-maroquinerie-100x100.png 100w\" sizes=\"(max-width: 713px) 100vw, 713px\" \/>\t\t\t\t\t\t\t\t<\/a>\n\t\t\t\t\t\t\t\t\t\t\t<figcaption class=\"widget-image-caption wp-caption-text\">Leather Bags<\/figcaption>\n\t\t\t\t\t\t\t\t\t\t<\/figure>\n\t\t\t\t\t\t\t\t<\/div>\n\t\t\t\t\t\t<\/div>\n\t\t\t\t<\/div>\n\t\t\t\t\t\t<\/div>\n\t\t\t\t\t<\/div>\n\t\t<\/div>\n\t\t\t\t<div class=\"elementor-column elementor-col-33 elementor-inner-column elementor-element elementor-element-f66e034\" data-id=\"f66e034\" data-element_type=\"column\" data-settings=\"{&quot;background_background&quot;:&quot;classic&quot;}\">\n\t\t\t<div class=\"elementor-column-wrap elementor-element-populated\">\n\t\t\t\t\t\t\t<div class=\"elementor-widget-wrap\">\n\t\t\t\t\t\t<div class=\"elementor-element elementor-element-c8209cb elementor-widget elementor-widget-image\" data-id=\"c8209cb\" data-element_type=\"widget\" data-widget_type=\"image.default\">\n\t\t\t\t<div class=\"elementor-widget-container\">\n\t\t\t\t\t\t\t\t<div class=\"elementor-image\">\n\t\t\t\t\t\t\t\t\t<figure class=\"wp-caption\">\n\t\t\t\t\t\t\t\t\t\t\t<a href=\"https:\/\/absoluteasia.eu\/en\/sacs\/\" target=\"_blank\">\n\t\t\t\t\t\t\t<img width=\"519\" height=\"573\" src=\"https:\/\/absoluteasia.eu\/wp-content\/uploads\/2021\/05\/Capture-1-1.png\" class=\"attachment-large size-large\" alt=\"\" loading=\"lazy\" srcset=\"https:\/\/absoluteasia.eu\/wp-content\/uploads\/2021\/05\/Capture-1-1.png 519w, https:\/\/absoluteasia.eu\/wp-content\/uploads\/2021\/05\/Capture-1-1-272x300.png 272w\" sizes=\"(max-width: 519px) 100vw, 519px\" \/>\t\t\t\t\t\t\t\t<\/a>\n\t\t\t\t\t\t\t\t\t\t\t<figcaption class=\"widget-image-caption wp-caption-text\">Summer Bags<\/figcaption>\n\t\t\t\t\t\t\t\t\t\t<\/figure>\n\t\t\t\t\t\t\t\t<\/div>\n\t\t\t\t\t\t<\/div>\n\t\t\t\t<\/div>\n\t\t\t\t\t\t<\/div>\n\t\t\t\t\t<\/div>\n\t\t<\/div>\n\t\t\t\t\t\t\t\t<\/div>\n\t\t\t\t\t<\/div>\n\t\t<\/section>\n\t\t\t\t<section class=\"elementor-section elementor-inner-section elementor-element elementor-element-fedf4f2 elementor-section-full_width elementor-section-content-middle elementor-section-height-default elementor-section-height-default\" data-id=\"fedf4f2\" data-element_type=\"section\">\n\t\t\t\t\t\t<div class=\"elementor-container elementor-column-gap-default\">\n\t\t\t\t\t\t\t<div class=\"elementor-row\">\n\t\t\t\t\t<div class=\"elementor-column elementor-col-33 elementor-inner-column elementor-element elementor-element-c05829d\" data-id=\"c05829d\" data-element_type=\"column\" data-settings=\"{&quot;background_background&quot;:&quot;classic&quot;}\">\n\t\t\t<div class=\"elementor-column-wrap elementor-element-populated\">\n\t\t\t\t\t\t\t<div class=\"elementor-widget-wrap\">\n\t\t\t\t\t\t<div class=\"elementor-element elementor-element-6dc1bcd elementor-widget elementor-widget-image\" data-id=\"6dc1bcd\" data-element_type=\"widget\" data-widget_type=\"image.default\">\n\t\t\t\t<div class=\"elementor-widget-container\">\n\t\t\t\t\t\t\t\t<div class=\"elementor-image\">\n\t\t\t\t\t\t\t\t\t<figure class=\"wp-caption\">\n\t\t\t\t\t\t\t\t\t\t\t<a href=\"https:\/\/absoluteasia.eu\/en\/chaussures\/\" target=\"_blank\">\n\t\t\t\t\t\t\t<img width=\"1024\" height=\"798\" src=\"https:\/\/absoluteasia.eu\/wp-content\/uploads\/2020\/10\/unnamed-1-1024x798.jpg\" class=\"attachment-large size-large\" alt=\"\" loading=\"lazy\" srcset=\"https:\/\/absoluteasia.eu\/wp-content\/uploads\/2020\/10\/unnamed-1-1024x798.jpg 1024w, https:\/\/absoluteasia.eu\/wp-content\/uploads\/2020\/10\/unnamed-1-300x234.jpg 300w, https:\/\/absoluteasia.eu\/wp-content\/uploads\/2020\/10\/unnamed-1-768x599.jpg 768w, https:\/\/absoluteasia.eu\/wp-content\/uploads\/2020\/10\/unnamed-1-1536x1198.jpg 1536w, https:\/\/absoluteasia.eu\/wp-content\/uploads\/2020\/10\/unnamed-1-2048x1597.jpg 2048w, https:\/\/absoluteasia.eu\/wp-content\/uploads\/2020\/10\/unnamed-1-600x468.jpg 600w\" sizes=\"(max-width: 1024px) 100vw, 1024px\" \/>\t\t\t\t\t\t\t\t<\/a>\n\t\t\t\t\t\t\t\t\t\t\t<figcaption class=\"widget-image-caption wp-caption-text\">Shoes<\/figcaption>\n\t\t\t\t\t\t\t\t\t\t<\/figure>\n\t\t\t\t\t\t\t\t<\/div>\n\t\t\t\t\t\t<\/div>\n\t\t\t\t<\/div>\n\t\t\t\t\t\t<\/div>\n\t\t\t\t\t<\/div>\n\t\t<\/div>\n\t\t\t\t<div class=\"elementor-column elementor-col-33 elementor-inner-column elementor-element elementor-element-3845f00\" data-id=\"3845f00\" data-element_type=\"column\" data-settings=\"{&quot;background_background&quot;:&quot;classic&quot;}\">\n\t\t\t<div class=\"elementor-column-wrap elementor-element-populated\">\n\t\t\t\t\t\t\t<div class=\"elementor-widget-wrap\">\n\t\t\t\t\t\t<div class=\"elementor-element elementor-element-f816f18 elementor-widget elementor-widget-image\" data-id=\"f816f18\" data-element_type=\"widget\" data-widget_type=\"image.default\">\n\t\t\t\t<div class=\"elementor-widget-container\">\n\t\t\t\t\t\t\t\t<div class=\"elementor-image\">\n\t\t\t\t\t\t\t\t\t<figure class=\"wp-caption\">\n\t\t\t\t\t\t\t\t\t\t\t<a href=\"https:\/\/absoluteasia.eu\/en\/ceintures\/\" target=\"_blank\">\n\t\t\t\t\t\t\t<img width=\"1024\" height=\"669\" src=\"https:\/\/absoluteasia.eu\/wp-content\/uploads\/2020\/10\/June-2010-010-a-1024x669.jpg\" class=\"attachment-large size-large\" alt=\"\" loading=\"lazy\" srcset=\"https:\/\/absoluteasia.eu\/wp-content\/uploads\/2020\/10\/June-2010-010-a-1024x669.jpg 1024w, https:\/\/absoluteasia.eu\/wp-content\/uploads\/2020\/10\/June-2010-010-a-300x196.jpg 300w, https:\/\/absoluteasia.eu\/wp-content\/uploads\/2020\/10\/June-2010-010-a-768x502.jpg 768w, https:\/\/absoluteasia.eu\/wp-content\/uploads\/2020\/10\/June-2010-010-a-1536x1003.jpg 1536w, https:\/\/absoluteasia.eu\/wp-content\/uploads\/2020\/10\/June-2010-010-a-600x392.jpg 600w, https:\/\/absoluteasia.eu\/wp-content\/uploads\/2020\/10\/June-2010-010-a.jpg 1944w\" sizes=\"(max-width: 1024px) 100vw, 1024px\" \/>\t\t\t\t\t\t\t\t<\/a>\n\t\t\t\t\t\t\t\t\t\t\t<figcaption class=\"widget-image-caption wp-caption-text\">Belts<\/figcaption>\n\t\t\t\t\t\t\t\t\t\t<\/figure>\n\t\t\t\t\t\t\t\t<\/div>\n\t\t\t\t\t\t<\/div>\n\t\t\t\t<\/div>\n\t\t\t\t\t\t<\/div>\n\t\t\t\t\t<\/div>\n\t\t<\/div>\n\t\t\t\t<div class=\"elementor-column elementor-col-33 elementor-inner-column elementor-element elementor-element-6581a07\" data-id=\"6581a07\" data-element_type=\"column\" data-settings=\"{&quot;background_background&quot;:&quot;classic&quot;}\">\n\t\t\t<div class=\"elementor-column-wrap elementor-element-populated\">\n\t\t\t\t\t\t\t<div class=\"elementor-widget-wrap\">\n\t\t\t\t\t\t<div class=\"elementor-element elementor-element-3330d73 elementor-widget elementor-widget-image\" data-id=\"3330d73\" data-element_type=\"widget\" data-widget_type=\"image.default\">\n\t\t\t\t<div class=\"elementor-widget-container\">\n\t\t\t\t\t\t\t\t<div class=\"elementor-image\">\n\t\t\t\t\t\t\t\t\t<figure class=\"wp-caption\">\n\t\t\t\t\t\t\t\t\t\t\t<a href=\"https:\/\/absoluteasia.eu\/en\/chapeaux\/\" target=\"_blank\">\n\t\t\t\t\t\t\t<img width=\"800\" height=\"712\" src=\"https:\/\/absoluteasia.eu\/wp-content\/uploads\/2021\/04\/LY79M9454-1.jpg\" class=\"attachment-large size-large\" alt=\"\" loading=\"lazy\" srcset=\"https:\/\/absoluteasia.eu\/wp-content\/uploads\/2021\/04\/LY79M9454-1.jpg 800w, https:\/\/absoluteasia.eu\/wp-content\/uploads\/2021\/04\/LY79M9454-1-300x267.jpg 300w, https:\/\/absoluteasia.eu\/wp-content\/uploads\/2021\/04\/LY79M9454-1-768x684.jpg 768w, https:\/\/absoluteasia.eu\/wp-content\/uploads\/2021\/04\/LY79M9454-1-600x534.jpg 600w\" sizes=\"(max-width: 800px) 100vw, 800px\" \/>\t\t\t\t\t\t\t\t<\/a>\n\t\t\t\t\t\t\t\t\t\t\t<figcaption class=\"widget-image-caption wp-caption-text\">Hats<\/figcaption>\n\t\t\t\t\t\t\t\t\t\t<\/figure>\n\t\t\t\t\t\t\t\t<\/div>\n\t\t\t\t\t\t<\/div>\n\t\t\t\t<\/div>\n\t\t\t\t\t\t<\/div>\n\t\t\t\t\t<\/div>\n\t\t<\/div>\n\t\t\t\t\t\t\t\t<\/div>\n\t\t\t\t\t<\/div>\n\t\t<\/section>\n\t\t\t\t<section class=\"elementor-section elementor-inner-section elementor-element elementor-element-fa4b038 elementor-section-content-middle elementor-section-boxed elementor-section-height-default elementor-section-height-default\" data-id=\"fa4b038\" data-element_type=\"section\">\n\t\t\t\t\t\t<div class=\"elementor-container elementor-column-gap-default\">\n\t\t\t\t\t\t\t<div class=\"elementor-row\">\n\t\t\t\t\t<div class=\"elementor-column elementor-col-100 elementor-inner-column elementor-element elementor-element-a85f954\" data-id=\"a85f954\" data-element_type=\"column\" data-settings=\"{&quot;background_background&quot;:&quot;classic&quot;}\">\n\t\t\t<div class=\"elementor-column-wrap elementor-element-populated\">\n\t\t\t\t\t\t\t<div class=\"elementor-widget-wrap\">\n\t\t\t\t\t\t<div class=\"elementor-element elementor-element-bed3198 elementor-widget elementor-widget-image\" data-id=\"bed3198\" data-element_type=\"widget\" data-widget_type=\"image.default\">\n\t\t\t\t<div class=\"elementor-widget-container\">\n\t\t\t\t\t\t\t\t<div class=\"elementor-image\">\n\t\t\t\t\t\t\t\t\t<figure class=\"wp-caption\">\n\t\t\t\t\t\t\t\t\t\t\t<a href=\"https:\/\/absoluteasia.eu\/en\/echarpes\/\" target=\"_blank\">\n\t\t\t\t\t\t\t<img width=\"1024\" height=\"683\" src=\"https:\/\/absoluteasia.eu\/wp-content\/uploads\/2020\/09\/clothing-55e2d0464e_1280-1024x683.jpg\" class=\"attachment-large size-large\" alt=\"\" loading=\"lazy\" srcset=\"https:\/\/absoluteasia.eu\/wp-content\/uploads\/2020\/09\/clothing-55e2d0464e_1280-1024x683.jpg 1024w, https:\/\/absoluteasia.eu\/wp-content\/uploads\/2020\/09\/clothing-55e2d0464e_1280-600x400.jpg 600w, https:\/\/absoluteasia.eu\/wp-content\/uploads\/2020\/09\/clothing-55e2d0464e_1280-300x200.jpg 300w, https:\/\/absoluteasia.eu\/wp-content\/uploads\/2020\/09\/clothing-55e2d0464e_1280-768x512.jpg 768w, https:\/\/absoluteasia.eu\/wp-content\/uploads\/2020\/09\/clothing-55e2d0464e_1280.jpg 1280w\" sizes=\"(max-width: 1024px) 100vw, 1024px\" \/>\t\t\t\t\t\t\t\t<\/a>\n\t\t\t\t\t\t\t\t\t\t\t<figcaption class=\"widget-image-caption wp-caption-text\">Foulards<\/figcaption>\n\t\t\t\t\t\t\t\t\t\t<\/figure>\n\t\t\t\t\t\t\t\t<\/div>\n\t\t\t\t\t\t<\/div>\n\t\t\t\t<\/div>\n\t\t\t\t\t\t<\/div>\n\t\t\t\t\t<\/div>\n\t\t<\/div>\n\t\t\t\t\t\t\t\t<\/div>\n\t\t\t\t\t<\/div>\n\t\t<\/section>\n\t\t\t\t\t\t<\/div>\n\t\t\t\t\t<\/div>\n\t\t<\/div>\n\t\t\t\t\t\t\t\t<\/div>\n\t\t\t\t\t<\/div>\n\t\t<\/section>\n\t\t\t\t\t\t\t\t\t<\/div>\n\t\t\t<\/div>\n\t\t\t\t\t<\/div>","protected":false},"excerpt":{"rendered":"<p>V\u00eatements en cuir Maroquinerie Sacs d&rsquo;\u00e9t\u00e9 Chaussures Ceintures Chapeaux Foulards<\/p>","protected":false},"author":1,"featured_media":0,"parent":0,"menu_order":0,"comment_status":"closed","ping_status":"closed","template":"","meta":[],"uagb_featured_image_src":{"full":false,"thumbnail":false,"medium":false,"medium_large":false,"large":false,"1536x1536":false,"2048x2048":false,"trp-custom-language-flag":false,"woocommerce_thumbnail":false,"woocommerce_single":false,"woocommerce_gallery_thumbnail":false,"shop_catalog":false,"shop_single":false,"shop_thumbnail":false},"uagb_author_info":{"display_name":"admin5816","author_link":"https:\/\/absoluteasia.eu\/en\/author\/admin5816\/"},"uagb_comment_info":0,"uagb_excerpt":"V\u00eatements en cuir Maroquinerie Sacs d&rsquo;\u00e9t\u00e9 Chaussures Ceintures Chapeaux Foulards","_links":{"self":[{"href":"https:\/\/absoluteasia.eu\/en\/wp-json\/wp\/v2\/pages\/1177"}],"collection":[{"href":"https:\/\/absoluteasia.eu\/en\/wp-json\/wp\/v2\/pages"}],"about":[{"href":"https:\/\/absoluteasia.eu\/en\/wp-json\/wp\/v2\/types\/page"}],"author":[{"embeddable":true,"href":"https:\/\/absoluteasia.eu\/en\/wp-json\/wp\/v2\/users\/1"}],"replies":[{"embeddable":true,"href":"https:\/\/absoluteasia.eu\/en\/wp-json\/wp\/v2\/comments?post=1177"}],"version-history":[{"count":19,"href":"https:\/\/absoluteasia.eu\/en\/wp-json\/wp\/v2\/pages\/1177\/revisions"}],"predecessor-version":[{"id":3268,"href":"https:\/\/absoluteasia.eu\/en\/wp-json\/wp\/v2\/pages\/1177\/revisions\/3268"}],"wp:attachment":[{"href":"https:\/\/absoluteasia.eu\/en\/wp-json\/wp\/v2\/media?parent=1177"}],"curies":[{"name":"wp","href":"https:\/\/api.w.org\/{rel}","templated":true}]}}