{"id":1169,"date":"2020-09-21T19:21:13","date_gmt":"2020-09-21T17:21:13","guid":{"rendered":"http:\/\/evnpbta.cluster023.hosting.ovh.net\/?page_id=1169"},"modified":"2020-11-27T15:49:49","modified_gmt":"2020-11-27T14:49:49","slug":"qui-sommes-nous","status":"publish","type":"page","link":"https:\/\/absoluteasia.eu\/en\/qui-sommes-nous\/","title":{"rendered":"Meet the team"},"content":{"rendered":"<div data-elementor-type=\"wp-page\" data-elementor-id=\"1169\" class=\"elementor elementor-1169\">\n\t\t\t\t\t\t<div class=\"elementor-inner\">\n\t\t\t\t<div class=\"elementor-section-wrap\">\n\t\t\t\t\t\t\t\t\t<section class=\"elementor-section elementor-top-section elementor-element elementor-element-30aefdf elementor-section-boxed elementor-section-height-default elementor-section-height-default\" data-id=\"30aefdf\" data-element_type=\"section\" data-settings=\"{&quot;background_background&quot;:&quot;classic&quot;}\">\n\t\t\t\t\t\t<div class=\"elementor-container elementor-column-gap-default\">\n\t\t\t\t\t\t\t<div class=\"elementor-row\">\n\t\t\t\t\t<div class=\"elementor-column elementor-col-100 elementor-top-column elementor-element elementor-element-ea114f0\" data-id=\"ea114f0\" data-element_type=\"column\">\n\t\t\t<div class=\"elementor-column-wrap elementor-element-populated\">\n\t\t\t\t\t\t\t<div class=\"elementor-widget-wrap\">\n\t\t\t\t\t\t<div class=\"elementor-element elementor-element-18e4637 elementor-widget elementor-widget-spacer\" data-id=\"18e4637\" data-element_type=\"widget\" data-widget_type=\"spacer.default\">\n\t\t\t\t<div class=\"elementor-widget-container\">\n\t\t\t\t\t<div class=\"elementor-spacer\">\n\t\t\t<div class=\"elementor-spacer-inner\"><\/div>\n\t\t<\/div>\n\t\t\t\t<\/div>\n\t\t\t\t<\/div>\n\t\t\t\t<div class=\"elementor-element elementor-element-56fb091 elementor-widget elementor-widget-heading\" data-id=\"56fb091\" data-element_type=\"widget\" data-widget_type=\"heading.default\">\n\t\t\t\t<div class=\"elementor-widget-container\">\n\t\t\t<h2 class=\"elementor-heading-title elementor-size-default\">Meet the team<\/h2>\t\t<\/div>\n\t\t\t\t<\/div>\n\t\t\t\t\t\t<\/div>\n\t\t\t\t\t<\/div>\n\t\t<\/div>\n\t\t\t\t\t\t\t\t<\/div>\n\t\t\t\t\t<\/div>\n\t\t<\/section>\n\t\t\t\t<section class=\"elementor-section elementor-top-section elementor-element elementor-element-d10a88d elementor-section-boxed elementor-section-height-default elementor-section-height-default\" data-id=\"d10a88d\" data-element_type=\"section\" data-settings=\"{&quot;background_background&quot;:&quot;classic&quot;}\">\n\t\t\t\t\t\t<div class=\"elementor-container elementor-column-gap-default\">\n\t\t\t\t\t\t\t<div class=\"elementor-row\">\n\t\t\t\t\t<div class=\"elementor-column elementor-col-100 elementor-top-column elementor-element elementor-element-e29416c\" data-id=\"e29416c\" data-element_type=\"column\">\n\t\t\t<div class=\"elementor-column-wrap elementor-element-populated\">\n\t\t\t\t\t\t\t<div class=\"elementor-widget-wrap\">\n\t\t\t\t\t\t<div class=\"elementor-element elementor-element-43e8b8e elementor-widget elementor-widget-text-editor\" data-id=\"43e8b8e\" data-element_type=\"widget\" data-widget_type=\"text-editor.default\">\n\t\t\t\t<div class=\"elementor-widget-container\">\n\t\t\t\t\t\t\t\t<div class=\"elementor-text-editor elementor-clearfix\">\n\t\t\t\t<p>Absolute Asia was founded by Donna Rossignol, a British woman who fell in love with France over 15 years ago. Having previously worked internationally for Diageo, PepsiCo, Hasbro and Amazon and with an MBA from INSEAD, Donna was pleased by the creativity and vitality of the French fashion industry. An informal conversation with an Indian friend put Donna in contact with her first factory for which she developed their business in France. Not long after Absolute Asia enlarged their portfolio with new factories and new categories.<\/p><p>Donna's life is lighten up by\u00a0her four children and dog Poppy, and in her spare time she is a keen traveler, swimmer and chocolate aficionado.<\/p>\t\t\t\t\t<\/div>\n\t\t\t\t\t\t<\/div>\n\t\t\t\t<\/div>\n\t\t\t\t\t\t<\/div>\n\t\t\t\t\t<\/div>\n\t\t<\/div>\n\t\t\t\t\t\t\t\t<\/div>\n\t\t\t\t\t<\/div>\n\t\t<\/section>\n\t\t\t\t<section class=\"elementor-section elementor-top-section elementor-element elementor-element-6ed31c6 elementor-section-boxed elementor-section-height-default elementor-section-height-default\" data-id=\"6ed31c6\" data-element_type=\"section\" data-settings=\"{&quot;background_background&quot;:&quot;classic&quot;}\">\n\t\t\t\t\t\t<div class=\"elementor-container elementor-column-gap-default\">\n\t\t\t\t\t\t\t<div class=\"elementor-row\">\n\t\t\t\t\t<div class=\"elementor-column elementor-col-100 elementor-top-column elementor-element elementor-element-681d963\" data-id=\"681d963\" data-element_type=\"column\">\n\t\t\t<div class=\"elementor-column-wrap elementor-element-populated\">\n\t\t\t\t\t\t\t<div class=\"elementor-widget-wrap\">\n\t\t\t\t\t\t<div class=\"elementor-element elementor-element-8b19891 elementor-widget elementor-widget-spacer\" data-id=\"8b19891\" data-element_type=\"widget\" data-widget_type=\"spacer.default\">\n\t\t\t\t<div class=\"elementor-widget-container\">\n\t\t\t\t\t<div class=\"elementor-spacer\">\n\t\t\t<div class=\"elementor-spacer-inner\"><\/div>\n\t\t<\/div>\n\t\t\t\t<\/div>\n\t\t\t\t<\/div>\n\t\t\t\t\t\t<\/div>\n\t\t\t\t\t<\/div>\n\t\t<\/div>\n\t\t\t\t\t\t\t\t<\/div>\n\t\t\t\t\t<\/div>\n\t\t<\/section>\n\t\t\t\t\t\t\t\t\t<\/div>\n\t\t\t<\/div>\n\t\t\t\t\t<\/div>","protected":false},"excerpt":{"rendered":"<p>Qui sommes nous? Absolute Asia a \u00e9t\u00e9 cr\u00e9\u00e9 par Donna Rossignol, une femme britannique qui s&rsquo;est \u00e9prise de la France il y a plus de 15 ans. Ayant d\u00e9j\u00e0 travaill\u00e9 \u00e0 l&rsquo;international pour des grandes firmes multinationales comme Diageo, PepsiCo, Hasbro et Amazon et avec un MBA d&rsquo;INSEAD, Donna est tomb\u00e9e sous le charme de &hellip;<\/p>\n<p class=\"read-more\"> <a class=\"\" href=\"https:\/\/absoluteasia.eu\/en\/qui-sommes-nous\/\"> <span class=\"screen-reader-text\">Meet the team<\/span> Read More &raquo;<\/a><\/p>","protected":false},"author":1,"featured_media":0,"parent":0,"menu_order":0,"comment_status":"closed","ping_status":"closed","template":"","meta":[],"uagb_featured_image_src":{"full":false,"thumbnail":false,"medium":false,"medium_large":false,"large":false,"1536x1536":false,"2048x2048":false,"trp-custom-language-flag":false,"woocommerce_thumbnail":false,"woocommerce_single":false,"woocommerce_gallery_thumbnail":false,"shop_catalog":false,"shop_single":false,"shop_thumbnail":false},"uagb_author_info":{"display_name":"admin5816","author_link":"https:\/\/absoluteasia.eu\/en\/author\/admin5816\/"},"uagb_comment_info":0,"uagb_excerpt":"Qui sommes nous? Absolute Asia a \u00e9t\u00e9 cr\u00e9\u00e9 par Donna Rossignol, une femme britannique qui s&rsquo;est \u00e9prise de la France il y a plus de 15 ans. Ayant d\u00e9j\u00e0 travaill\u00e9 \u00e0 l&rsquo;international pour des grandes firmes multinationales comme Diageo, PepsiCo, Hasbro et Amazon et avec un MBA d&rsquo;INSEAD, Donna est tomb\u00e9e sous le charme de&hellip;","_links":{"self":[{"href":"https:\/\/absoluteasia.eu\/en\/wp-json\/wp\/v2\/pages\/1169"}],"collection":[{"href":"https:\/\/absoluteasia.eu\/en\/wp-json\/wp\/v2\/pages"}],"about":[{"href":"https:\/\/absoluteasia.eu\/en\/wp-json\/wp\/v2\/types\/page"}],"author":[{"embeddable":true,"href":"https:\/\/absoluteasia.eu\/en\/wp-json\/wp\/v2\/users\/1"}],"replies":[{"embeddable":true,"href":"https:\/\/absoluteasia.eu\/en\/wp-json\/wp\/v2\/comments?post=1169"}],"version-history":[{"count":11,"href":"https:\/\/absoluteasia.eu\/en\/wp-json\/wp\/v2\/pages\/1169\/revisions"}],"predecessor-version":[{"id":2442,"href":"https:\/\/absoluteasia.eu\/en\/wp-json\/wp\/v2\/pages\/1169\/revisions\/2442"}],"wp:attachment":[{"href":"https:\/\/absoluteasia.eu\/en\/wp-json\/wp\/v2\/media?parent=1169"}],"curies":[{"name":"wp","href":"https:\/\/api.w.org\/{rel}","templated":true}]}}