{"id":1582,"date":"2020-09-24T12:42:57","date_gmt":"2020-09-24T10:42:57","guid":{"rendered":"http:\/\/evnpbta.cluster023.hosting.ovh.net\/?page_id=1582"},"modified":"2020-10-04T14:38:02","modified_gmt":"2020-10-04T12:38:02","slug":"mentions-legales","status":"publish","type":"page","link":"http:\/\/absoluteasia.eu\/en\/mentions-legales\/","title":{"rendered":"Legal Mentions"},"content":{"rendered":"<div data-elementor-type=\"wp-page\" data-elementor-id=\"1582\" class=\"elementor elementor-1582\">\n\t\t\t\t\t\t<div class=\"elementor-inner\">\n\t\t\t\t<div class=\"elementor-section-wrap\">\n\t\t\t\t\t\t\t\t\t<section class=\"elementor-section elementor-top-section elementor-element elementor-element-93514b1 elementor-section-boxed elementor-section-height-default elementor-section-height-default\" data-id=\"93514b1\" data-element_type=\"section\" data-settings=\"{&quot;background_background&quot;:&quot;classic&quot;}\">\n\t\t\t\t\t\t<div class=\"elementor-container elementor-column-gap-default\">\n\t\t\t\t\t\t\t<div class=\"elementor-row\">\n\t\t\t\t\t<div class=\"elementor-column elementor-col-100 elementor-top-column elementor-element elementor-element-64f3f6a\" data-id=\"64f3f6a\" data-element_type=\"column\">\n\t\t\t<div class=\"elementor-column-wrap elementor-element-populated\">\n\t\t\t\t\t\t\t<div class=\"elementor-widget-wrap\">\n\t\t\t\t\t\t<div class=\"elementor-element elementor-element-6903e9d elementor-widget elementor-widget-spacer\" data-id=\"6903e9d\" data-element_type=\"widget\" data-widget_type=\"spacer.default\">\n\t\t\t\t<div class=\"elementor-widget-container\">\n\t\t\t\t\t<div class=\"elementor-spacer\">\n\t\t\t<div class=\"elementor-spacer-inner\"><\/div>\n\t\t<\/div>\n\t\t\t\t<\/div>\n\t\t\t\t<\/div>\n\t\t\t\t<div class=\"elementor-element elementor-element-37a2c58 elementor-widget elementor-widget-heading\" data-id=\"37a2c58\" data-element_type=\"widget\" data-widget_type=\"heading.default\">\n\t\t\t\t<div class=\"elementor-widget-container\">\n\t\t\t<h2 class=\"elementor-heading-title elementor-size-default\">Legal Mentions<\/h2>\t\t<\/div>\n\t\t\t\t<\/div>\n\t\t\t\t\t\t<\/div>\n\t\t\t\t\t<\/div>\n\t\t<\/div>\n\t\t\t\t\t\t\t\t<\/div>\n\t\t\t\t\t<\/div>\n\t\t<\/section>\n\t\t\t\t<section class=\"elementor-section elementor-top-section elementor-element elementor-element-d2090b0 elementor-section-boxed elementor-section-height-default elementor-section-height-default\" data-id=\"d2090b0\" data-element_type=\"section\" data-settings=\"{&quot;background_background&quot;:&quot;classic&quot;}\">\n\t\t\t\t\t\t<div class=\"elementor-container elementor-column-gap-default\">\n\t\t\t\t\t\t\t<div class=\"elementor-row\">\n\t\t\t\t\t<div class=\"elementor-column elementor-col-100 elementor-top-column elementor-element elementor-element-2117978\" data-id=\"2117978\" data-element_type=\"column\">\n\t\t\t<div class=\"elementor-column-wrap elementor-element-populated\">\n\t\t\t\t\t\t\t<div class=\"elementor-widget-wrap\">\n\t\t\t\t\t\t<div class=\"elementor-element elementor-element-a6b42ea elementor-widget elementor-widget-text-editor\" data-id=\"a6b42ea\" data-element_type=\"widget\" data-widget_type=\"text-editor.default\">\n\t\t\t\t<div class=\"elementor-widget-container\">\n\t\t\t\t\t\t\t\t<div class=\"elementor-text-editor elementor-clearfix\">\n\t\t\t\t<p>\u00a0<\/p><p>Conform\u00e9ment aux dispositions des articles 6-III et 19 de la Loi n\u00b0 2004-575 du 21 juin 2004 pour la Confiance dans l&rsquo;\u00e9conomie num\u00e9rique, dite L.C.E.N., nous portons \u00e0 la connaissance des utilisateurs et visiteurs du site:\u00a0www.absoluteasia.com\u00a0les informations suivantes :<\/p><p>\u00c9DITEUR<\/p><p>Le site\u00a0www.absoluteasia.com\u00a0est la propri\u00e9t\u00e9 exclusive de\u00a0Absolute Asia, qui l&rsquo;\u00e9dite.<\/p><p>Absolute Asia<br \/>SIREN\u00a0752\u00a0102\u00a0020 RCS LYON<\/p><p>32 chemin du Monteilier\u00a069450 St Cyr au Mont d&rsquo;Or<br \/>Immatricul\u00e9e au Registre du Commerce et des Soci\u00e9t\u00e9s de\u00a0752102020\u00a0sous le num\u00e9ro\u00a075210202000019\u00a0<\/p><p>Num\u00e9ro TVA intracommunautaire :\u00a0FR33752102020<br \/>Adresse de courrier \u00e9lectronique :\u00a0contact@absoluteasia.eu\u00a0<\/p><p>Directrice\u00a0de la\u00a0 publication\u00a0:\u00a0Donna Rossignol<br \/>Contactez le responsable de la publication :\u00a0contact@absoluteasia.eu<\/p><p>H\u00c9BERGEMENT<\/p><p>Le site est h\u00e9berg\u00e9\u00a0par\u00a0Donna Rossignol 32 Chemin du Monteillier 69450 St Cyr au Mont d&rsquo;Or<\/p>\t\t\t\t\t<\/div>\n\t\t\t\t\t\t<\/div>\n\t\t\t\t<\/div>\n\t\t\t\t\t\t<\/div>\n\t\t\t\t\t<\/div>\n\t\t<\/div>\n\t\t\t\t\t\t\t\t<\/div>\n\t\t\t\t\t<\/div>\n\t\t<\/section>\n\t\t\t\t\t\t\t\t\t<\/div>\n\t\t\t<\/div>\n\t\t\t\t\t<\/div>","protected":false},"excerpt":{"rendered":"<p>Mentions L\u00e9gales \u00a0 Conform\u00e9ment aux dispositions des articles 6-III et 19 de la Loi n\u00b0 2004-575 du 21 juin 2004 pour la Confiance dans l&rsquo;\u00e9conomie num\u00e9rique, dite L.C.E.N., nous portons \u00e0 la connaissance des utilisateurs et visiteurs du site:\u00a0www.absoluteasia.com\u00a0les informations suivantes : \u00c9DITEUR Le site\u00a0www.absoluteasia.com\u00a0est la propri\u00e9t\u00e9 exclusive de\u00a0Absolute Asia, qui l&rsquo;\u00e9dite. Absolute AsiaSIREN\u00a0752\u00a0102\u00a0020 RCS &hellip;<\/p>\n<p class=\"read-more\"> <a class=\"\" href=\"http:\/\/absoluteasia.eu\/en\/mentions-legales\/\"> <span class=\"screen-reader-text\">Legal Mentions<\/span> Read More &raquo;<\/a><\/p>","protected":false},"author":1,"featured_media":0,"parent":0,"menu_order":0,"comment_status":"closed","ping_status":"closed","template":"","meta":[],"uagb_featured_image_src":{"full":false,"thumbnail":false,"medium":false,"medium_large":false,"large":false,"1536x1536":false,"2048x2048":false,"trp-custom-language-flag":false,"woocommerce_thumbnail":false,"woocommerce_single":false,"woocommerce_gallery_thumbnail":false,"shop_catalog":false,"shop_single":false,"shop_thumbnail":false},"uagb_author_info":{"display_name":"admin5816","author_link":"http:\/\/absoluteasia.eu\/en\/author\/admin5816\/"},"uagb_comment_info":0,"uagb_excerpt":"Mentions L\u00e9gales \u00a0 Conform\u00e9ment aux dispositions des articles 6-III et 19 de la Loi n\u00b0 2004-575 du 21 juin 2004 pour la Confiance dans l&rsquo;\u00e9conomie num\u00e9rique, dite L.C.E.N., nous portons \u00e0 la connaissance des utilisateurs et visiteurs du site:\u00a0www.absoluteasia.com\u00a0les informations suivantes : \u00c9DITEUR Le site\u00a0www.absoluteasia.com\u00a0est la propri\u00e9t\u00e9 exclusive de\u00a0Absolute Asia, qui l&rsquo;\u00e9dite. Absolute AsiaSIREN\u00a0752\u00a0102\u00a0020 RCS&hellip;","_links":{"self":[{"href":"http:\/\/absoluteasia.eu\/en\/wp-json\/wp\/v2\/pages\/1582"}],"collection":[{"href":"http:\/\/absoluteasia.eu\/en\/wp-json\/wp\/v2\/pages"}],"about":[{"href":"http:\/\/absoluteasia.eu\/en\/wp-json\/wp\/v2\/types\/page"}],"author":[{"embeddable":true,"href":"http:\/\/absoluteasia.eu\/en\/wp-json\/wp\/v2\/users\/1"}],"replies":[{"embeddable":true,"href":"http:\/\/absoluteasia.eu\/en\/wp-json\/wp\/v2\/comments?post=1582"}],"version-history":[{"count":4,"href":"http:\/\/absoluteasia.eu\/en\/wp-json\/wp\/v2\/pages\/1582\/revisions"}],"predecessor-version":[{"id":1655,"href":"http:\/\/absoluteasia.eu\/en\/wp-json\/wp\/v2\/pages\/1582\/revisions\/1655"}],"wp:attachment":[{"href":"http:\/\/absoluteasia.eu\/en\/wp-json\/wp\/v2\/media?parent=1582"}],"curies":[{"name":"wp","href":"https:\/\/api.w.org\/{rel}","templated":true}]}}